{"id":904,"date":"2023-07-01T20:56:36","date_gmt":"2023-07-01T20:56:36","guid":{"rendered":"https:\/\/pabloarchetti.com.ar\/?page_id=904"},"modified":"2025-06-16T01:52:32","modified_gmt":"2025-06-16T01:52:32","slug":"bio","status":"publish","type":"page","link":"https:\/\/pabloarchetti.com.ar\/it\/bio\/","title":{"rendered":"bio"},"content":{"rendered":"<div class=\"wp-block-uagb-container uagb-block-03cfafc6 default uagb-is-root-container\">\n<div class=\"wp-block-columns is-layout-flex wp-container-core-columns-is-layout-28f84493 wp-block-columns-is-layout-flex\">\n<div class=\"wp-block-column is-layout-flow wp-block-column-is-layout-flow\" style=\"flex-basis:50%\">\n<div class=\"inherit-container-width wp-block-group is-layout-constrained wp-block-group-is-layout-constrained\"><div class=\"wp-block-group__inner-container\">\n<div class=\"wp-block-columns is-layout-flex wp-container-core-columns-is-layout-28f84493 wp-block-columns-is-layout-flex\">\n<div class=\"wp-block-column is-layout-flow wp-block-column-is-layout-flow\" style=\"flex-basis:100%\">\n<div class=\"wp-block-uagb-container uagb-block-311bac43\">\n<div class=\"wp-block-uagb-image aligncenter uagb-block-47f97186 wp-block-uagb-image--layout-default wp-block-uagb-image--effect-static wp-block-uagb-image--align-center line2 uag-blocks-common-selector\" style=\"--z-index-desktop:514;;--z-index-tablet:undefined;;--z-index-mobile:undefined;\"><figure class=\"wp-block-uagb-image__figure\"><img decoding=\"async\" srcset=\"https:\/\/pabloarchetti.com.ar\/wp-content\/uploads\/2023\/07\/line-02.svg \" sizes=\"auto, (max-width: 480px) 150px\" src=\"https:\/\/pabloarchetti.com.ar\/wp-content\/uploads\/2023\/07\/line-02.svg\" alt=\"\" class=\"uag-image-1069\" width=\"180\" height=\"150\" title=\"\" loading=\"lazy\" role=\"img\"\/><\/figure><\/div>\n<\/div>\n<\/div>\n<\/div>\n<\/div><\/div>\n<\/div>\n\n\n\n<div class=\"wp-block-column is-layout-flow wp-block-column-is-layout-flow\" style=\"flex-basis:50%\">\n<div class=\"wp-block-uagb-image aligncenter uagb-block-8b70b05e wp-block-uagb-image--layout-default wp-block-uagb-image--effect-static wp-block-uagb-image--align-center line uag-blocks-common-selector\" style=\"--z-index-desktop:514;;--z-index-tablet:undefined;;--z-index-mobile:undefined;\"><figure class=\"wp-block-uagb-image__figure\"><img decoding=\"async\" srcset=\"https:\/\/pabloarchetti.com.ar\/wp-content\/uploads\/2023\/07\/line22-02.svg \" sizes=\"auto, (max-width: 480px) 150px\" src=\"https:\/\/pabloarchetti.com.ar\/wp-content\/uploads\/2023\/07\/line22-02.svg\" alt=\"\" class=\"uag-image-1070\" width=\"180\" height=\"150\" title=\"\" loading=\"lazy\" role=\"img\"\/><\/figure><\/div>\n<\/div>\n<\/div>\n\n\n\n<p class=\"has-text-align-right\">Pablo Archetti, Ciudad de Buenos Aires, 1980.<\/p>\n\n\n\n<p>Artista visivo - Pittore. La sua pratica artistica comprende dalla pittura e le installazioni alle arti multimediali. Ha esposto le sue opere nel <em>Sal\u00f3n Nacional de Artes Visuales, Sal\u00f3n Nacional de Santa Fe del Museo Rosa Galisteo de Rodriguez, Bienal Nacional de Pintura del Museo de Arte de Rafaela, Bienal Areatec, <\/em>esposizione del<em> Premio de Pintura de Banco Central, Concurso Nacional de Pintura UADE, <\/em>esposizione del <em>Premio Emergente Bridgestone en el Centro Cultural Borges,<em> Sal\u00f3n de Artes Visuales Ciudad de Cipolletti<\/em> y en el Museo de Bellas Artes de Tandil.<\/em> \u00c8 membro della <a href=\"https:\/\/www.ccnc.com.ar\/\"><strong>Canci\u00f3n Nocturna del Caminante<\/strong><\/a> nel ruolo di direttore visivo, arte, scenografia, costumi e illuminazione. \u00c8 Especialista en Medios y Tecnolog\u00edas para la Producci\u00f3n Pict\u00f3rica (Universidad Nacional de las Artes).<\/p>\n\n\n\n<p style=\"font-size:1rem\"><strong>2025\/<\/strong> <strong><em>Teorema sobre la gravedad,<\/em><\/strong> insieme a Martina Krapp e Maria Casalins, curata da Daniel Fischer. Nella galleria ODA. <strong>2023\/ <em><strong>La m\u00e1scara de la muerte amarilla (La maschera della Morte Gialla)<\/strong><\/em><\/strong>, delirio l\u00edrico. Teatro Hasta Trilce. Arte visual (scenografia, video, luci e costumi).-<strong> 2022\/ Biennale delle Arti Visive Areatec<\/strong>, pittura Buenos Aires.- <strong>2021\/<\/strong> <em><strong>La m\u00e1scara de la muerte amarilla (La maschera della Morte Gialla)<\/strong>, diario de una peste (o dos)<\/em>.\u00a0<strong>2019\/<\/strong>\u00a0<strong><em>Las ratas<\/em><\/strong>, tragedia sonora de Vinicius Soares y Guillermo Vega Fischer. Direcci\u00f3n de Arte, escenograf\u00eda, iluminaci\u00f3n y vestuario. Teatro Sol\u00eds de Montevideo y Teatro El extranjero de Buenos Aires.-\u00a0<em><strong>Chancho<\/strong>\u00a0<\/em>di Agust\u00edn Meneses. Direzione artistica, scenografia e illuminazione. Teatro La Gloria di Buenos Aires.-\u00a0<strong>2018\/\u00a0<em>Antinaturalismo,<\/em><\/strong>\u00a0installazione con musiche di Guillermo Vega Fischer. Hilario, Buenos Aires.-\u00a0<em><strong>Nan\u00f3pera,<\/strong> sei drammi in musica.\u00a0<\/em>Dise\u00f1o visual y realizaci\u00f3n de vestuario, escenograf\u00eda, utiler\u00eda y maquillaje. Teatro Machado, Buenos Aires.-\u00a0<strong><em>Boite<\/em><\/strong>\u00a0di Mercedes Jacobo. Realizzazione di scenari. Teatro Machado, Buenos Aires.-\u00a0<strong>2017\/<\/strong>\u00a0<em><strong>El infierno musical de Alejandra Pizarnik<\/strong>\u00a0<\/em>Opera di Guillermo Vega Fischer, installazione di Pablo Archetti. Teatro Machado Buenos Aires. Opera che ha il supporto dell\u2019Instituto Proteatro.- Visuals per il duo musicale\u00a0<em><strong>Sha\u00b4helu<\/strong>,<\/em>\u00a0di Irene Martinez Marchal e Adolfo Soechting.-\u00a0<em><strong>En la colonia penitenciaria<\/strong>,<\/em>\u00a0Video-installazione con Nacho Riveros per l\u2019opera di Guillermo Vega Fischer, CABA Theatre Festa dell\u2019Instituto Nacional del Teatro.-\u00a0<strong>2016\/<\/strong>\u00a0<strong>Sala Nazionale delle Arti Visive \u2013 Sal\u00f3n Nacional de Artes Visuales<\/strong> Disciplina pittura, Palais de Glace.-\u00a0<em><strong>En la colonia penitenciaria<\/strong>,<\/em>\u00a0Videoinstallazione con Nacho Riveros per l\u2019opera di Guillermo Vega Fischer, Teatro Hasta Trilce Buenos Aires. Realizzato con il sostegno del Fondo Nacional de las Artes, Instituto Nacional del Teatro e Instituto Proteatro.- <strong>XCIII Sal\u00f3n Anual Nacional de Santa Fe.<\/strong> \u201cMuseo de Bellas Artes Rosa Galisteo de Rodriguez\u201d, Santa Fe.- <strong>Virginio<\/strong> Artes visuales Virginio Buenos Aires. Primo Ciclo di Mostre con Gabriela Olivieri e Germ\u00e1n Lombardi.-\u00a0<em><strong>(83)m2<\/strong>\u00a0<\/em>Experiencias Visuales Colectivas, UNSAM.-\u00a0<strong>2015\/<\/strong>\u00a0<em><strong>Bajo las lentas nubes<\/strong>,<\/em>\u00a0Casa de Salta a Buenos Aires.- Partecipazione all\u2019invio di videominuti\u00a0<em><strong>1\u00b4 Natura<\/strong>, La natura come punto di partenza<\/em> collaborazione del Postgraduate MyTPP del Dipartimento di Arti Visive dell\u2019UNA Prilidiano Pueyrred\u00f3n per il programma artistico \u201cPays\u2019Art\u201d presso la Maison Verte del Giardino Botanico di Marnay sur Seine, Francia.- <strong>2014\/<\/strong>\u00a0<strong>3\u00b0 Bienal de Artes Visuales \u00c1reatec<\/strong>, Buenos Aires.- Mostra del <strong>9\u00b0 Concurso Nacional UADE<\/strong> di pittura.- <strong>XCI Sal\u00f3n Anual Nacional de Santa Fe.<\/strong>&#8211; \u201cMuseo de Bellas Artes Rosa Galisteo de Rodriguez\u201d, Santa Fe.- <strong>VII Sal\u00f3n Nacional de Artes Visuales \u201cCiudad de Cipolletti\u201d<\/strong>.-\u00a0<strong>2013\/<\/strong>\u00a0<strong>Bienal Nacional de Pintura<\/strong>.\u2013 Museo de artes \u201cDr. Urbano Poggi\u201d Rafaela, Argentina.- Menzione Speciale della Giuria.- <strong>Bridgestone Arte Emergente<\/strong>, Centro Cultural Borges, Buenos Aires.- Pride Hollywood, Buenos Aires.-\u00a0<strong>2012\/\u00a0Selecci\u00f3n Premio Pintura Banco Central<\/strong>, Buenos Aires.- <strong>Mattone galleria<\/strong>, Buenos Aires.- <strong>Pride Hollywood<\/strong>, Buenos Aires.-\u00a0<strong>2011\/\u00a0Galer\u00eda Espacio La Paz<\/strong>, Buenos Aires.-\u00a0<strong>2010\/<\/strong>\u00a0<strong>Sal\u00f3n Nacional Arte Sacro, Museo de Bellas Artes de Tandil.<\/strong>- Intervento stradale <strong>Recova de Posadas<\/strong>, Buenos Aires. X3- <strong>Asociaci\u00f3n Magistrados del Poder Judicial de la Naci\u00f3n,<\/strong> Buenos Aires.<\/p>\n<\/div>","protected":false},"excerpt":{"rendered":"<p>Pablo Archetti, Ciudad de Buenos Aires, 1980. Artista visual &#8211; Pintor. Su pr\u00e1ctica art\u00edstica recorre desde la pintura y las instalaciones hasta las artes multimediales. Expuso sus obras en el Sal\u00f3n Nacional de Artes Visuales, Sal\u00f3n Nacional de Santa Fe del Museo Rosa Galisteo de Rodriguez, Bienal Nacional de Pintura del Museo de Arte de [&hellip;]<\/p>","protected":false},"author":1,"featured_media":0,"parent":0,"menu_order":0,"comment_status":"closed","ping_status":"closed","template":"","meta":{"_uag_custom_page_level_css":"","site-sidebar-layout":"default","site-content-layout":"","ast-site-content-layout":"default","site-content-style":"default","site-sidebar-style":"default","ast-global-header-display":"","ast-banner-title-visibility":"","ast-main-header-display":"","ast-hfb-above-header-display":"","ast-hfb-below-header-display":"","ast-hfb-mobile-header-display":"","site-post-title":"disabled","ast-breadcrumbs-content":"","ast-featured-img":"","footer-sml-layout":"","ast-disable-related-posts":"","theme-transparent-header-meta":"","adv-header-id-meta":"","stick-header-meta":"","header-above-stick-meta":"","header-main-stick-meta":"","header-below-stick-meta":"","astra-migrate-meta-layouts":"set","ast-page-background-enabled":"default","ast-page-background-meta":{"desktop":{"background-color":"var(--ast-global-color-4)","background-image":"","background-repeat":"repeat","background-position":"center center","background-size":"auto","background-attachment":"scroll","background-type":"","background-media":"","overlay-type":"","overlay-color":"","overlay-opacity":"","overlay-gradient":""},"tablet":{"background-color":"","background-image":"","background-repeat":"repeat","background-position":"center center","background-size":"auto","background-attachment":"scroll","background-type":"","background-media":"","overlay-type":"","overlay-color":"","overlay-opacity":"","overlay-gradient":""},"mobile":{"background-color":"","background-image":"","background-repeat":"repeat","background-position":"center center","background-size":"auto","background-attachment":"scroll","background-type":"","background-media":"","overlay-type":"","overlay-color":"","overlay-opacity":"","overlay-gradient":""}},"ast-content-background-meta":{"desktop":{"background-color":"var(--ast-global-color-5)","background-image":"","background-repeat":"repeat","background-position":"center center","background-size":"auto","background-attachment":"scroll","background-type":"","background-media":"","overlay-type":"","overlay-color":"","overlay-opacity":"","overlay-gradient":""},"tablet":{"background-color":"var(--ast-global-color-5)","background-image":"","background-repeat":"repeat","background-position":"center center","background-size":"auto","background-attachment":"scroll","background-type":"","background-media":"","overlay-type":"","overlay-color":"","overlay-opacity":"","overlay-gradient":""},"mobile":{"background-color":"var(--ast-global-color-5)","background-image":"","background-repeat":"repeat","background-position":"center center","background-size":"auto","background-attachment":"scroll","background-type":"","background-media":"","overlay-type":"","overlay-color":"","overlay-opacity":"","overlay-gradient":""}},"footnotes":""},"class_list":["post-904","page","type-page","status-publish","hentry"],"uagb_featured_image_src":{"full":false,"thumbnail":false,"medium":false,"medium_large":false,"large":false,"ufg_200_200":false,"ufg_300_300":false,"ufg_400_400":false,"1536x1536":false,"2048x2048":false,"trp-custom-language-flag":false},"uagb_author_info":{"display_name":"poliark","author_link":"https:\/\/pabloarchetti.com.ar\/it\/author\/poliark\/"},"uagb_comment_info":0,"uagb_excerpt":"Pablo Archetti, Ciudad de Buenos Aires, 1980. Artista visual &#8211; Pintor. Su pr\u00e1ctica art\u00edstica recorre desde la pintura y las instalaciones hasta las artes multimediales. Expuso sus obras en el Sal\u00f3n Nacional de Artes Visuales, Sal\u00f3n Nacional de Santa Fe del Museo Rosa Galisteo de Rodriguez, Bienal Nacional de Pintura del Museo de Arte de&hellip;","_links":{"self":[{"href":"https:\/\/pabloarchetti.com.ar\/it\/wp-json\/wp\/v2\/pages\/904","targetHints":{"allow":["GET"]}}],"collection":[{"href":"https:\/\/pabloarchetti.com.ar\/it\/wp-json\/wp\/v2\/pages"}],"about":[{"href":"https:\/\/pabloarchetti.com.ar\/it\/wp-json\/wp\/v2\/types\/page"}],"author":[{"embeddable":true,"href":"https:\/\/pabloarchetti.com.ar\/it\/wp-json\/wp\/v2\/users\/1"}],"replies":[{"embeddable":true,"href":"https:\/\/pabloarchetti.com.ar\/it\/wp-json\/wp\/v2\/comments?post=904"}],"version-history":[{"count":12,"href":"https:\/\/pabloarchetti.com.ar\/it\/wp-json\/wp\/v2\/pages\/904\/revisions"}],"predecessor-version":[{"id":1769,"href":"https:\/\/pabloarchetti.com.ar\/it\/wp-json\/wp\/v2\/pages\/904\/revisions\/1769"}],"wp:attachment":[{"href":"https:\/\/pabloarchetti.com.ar\/it\/wp-json\/wp\/v2\/media?parent=904"}],"curies":[{"name":"wp","href":"https:\/\/api.w.org\/{rel}","templated":true}]}}